{"id":193,"date":"2022-06-15T16:38:05","date_gmt":"2022-06-15T19:38:05","guid":{"rendered":"https:\/\/experimentoscomcacau.com.br\/?page_id=193"},"modified":"2025-05-22T14:45:19","modified_gmt":"2025-05-22T17:45:19","slug":"informacao-nutricional","status":"publish","type":"page","link":"https:\/\/experimentoscomcacau.com.br\/?page_id=193","title":{"rendered":"Informa\u00e7\u00e3o nutricional"},"content":{"rendered":"\n<p>Como parte do nosso esfor\u00e7o de fornecer informa\u00e7\u00f5es para uma alimenta\u00e7\u00e3o saud\u00e1vel, informamos aqui as tabelas de informa\u00e7\u00f5es nutricionais para os tipos de chocolates que produzimos.<\/p>\n\n\n\n<p>Cada tabela se aplica para a embalagem de 50g e se baseiam em valores di\u00e1rios com base em uma dieta de 2000kcal ou 8373,6kJ. Seus valores podem ser maiores ou menores dependendo de suas necessidades energ\u00e9ticas.<\/p>\n\n\n\n<p>Os &#8220;valores de refer\u00eancia&#8221; s\u00e3o:<\/p>\n\n\n<div class=\"wp-block-image\">\n<figure class=\"aligncenter size-full is-resized\"><img data-recalc-dims=\"1\" loading=\"lazy\" decoding=\"async\" data-attachment-id=\"196\" data-permalink=\"https:\/\/experimentoscomcacau.com.br\/?attachment_id=196\" data-orig-file=\"https:\/\/i0.wp.com\/experimentoscomcacau.com.br\/wp-content\/uploads\/2022\/06\/Valores-referencia.png?fit=208%2C189&amp;ssl=1\" data-orig-size=\"208,189\" data-comments-opened=\"1\" data-image-meta=\"{&quot;aperture&quot;:&quot;0&quot;,&quot;credit&quot;:&quot;&quot;,&quot;camera&quot;:&quot;&quot;,&quot;caption&quot;:&quot;&quot;,&quot;created_timestamp&quot;:&quot;0&quot;,&quot;copyright&quot;:&quot;&quot;,&quot;focal_length&quot;:&quot;0&quot;,&quot;iso&quot;:&quot;0&quot;,&quot;shutter_speed&quot;:&quot;0&quot;,&quot;title&quot;:&quot;&quot;,&quot;orientation&quot;:&quot;0&quot;}\" data-image-title=\"Valores-referencia\" data-image-description=\"\" data-image-caption=\"\" data-large-file=\"https:\/\/i0.wp.com\/experimentoscomcacau.com.br\/wp-content\/uploads\/2022\/06\/Valores-referencia.png?fit=208%2C189&amp;ssl=1\" src=\"https:\/\/i0.wp.com\/experimentoscomcacau.com.br\/wp-content\/uploads\/2022\/06\/Valores-referencia.png?resize=373%2C339&#038;ssl=1\" alt=\"\" class=\"wp-image-196\" width=\"373\" height=\"339\" srcset=\"https:\/\/i0.wp.com\/experimentoscomcacau.com.br\/wp-content\/uploads\/2022\/06\/Valores-referencia.png?w=208&amp;ssl=1 208w, https:\/\/i0.wp.com\/experimentoscomcacau.com.br\/wp-content\/uploads\/2022\/06\/Valores-referencia.png?resize=66%2C60&amp;ssl=1 66w, https:\/\/i0.wp.com\/experimentoscomcacau.com.br\/wp-content\/uploads\/2022\/06\/Valores-referencia.png?resize=99%2C90&amp;ssl=1 99w\" sizes=\"auto, (max-width: 373px) 100vw, 373px\" \/><figcaption>Valores de refer\u00eancia nutricional<\/figcaption><\/figure>\n<\/div>\n\n\n<p>Os tipos de chocolates s\u00e3o definidos em fun\u00e7\u00e3o do teor de cacau. Assim, temos:<\/p>\n\n\n\n<p><strong>Chocolate 80%<\/strong><\/p>\n\n\n<div class=\"wp-block-image\">\n<figure class=\"aligncenter size-full\"><img data-recalc-dims=\"1\" loading=\"lazy\" decoding=\"async\" width=\"490\" height=\"569\" data-attachment-id=\"258\" data-permalink=\"https:\/\/experimentoscomcacau.com.br\/?attachment_id=258\" data-orig-file=\"https:\/\/i0.wp.com\/experimentoscomcacau.com.br\/wp-content\/uploads\/2025\/05\/image-3.png?fit=490%2C569&amp;ssl=1\" data-orig-size=\"490,569\" data-comments-opened=\"1\" data-image-meta=\"{&quot;aperture&quot;:&quot;0&quot;,&quot;credit&quot;:&quot;&quot;,&quot;camera&quot;:&quot;&quot;,&quot;caption&quot;:&quot;&quot;,&quot;created_timestamp&quot;:&quot;0&quot;,&quot;copyright&quot;:&quot;&quot;,&quot;focal_length&quot;:&quot;0&quot;,&quot;iso&quot;:&quot;0&quot;,&quot;shutter_speed&quot;:&quot;0&quot;,&quot;title&quot;:&quot;&quot;,&quot;orientation&quot;:&quot;0&quot;}\" data-image-title=\"image-3\" data-image-description=\"\" data-image-caption=\"\" data-large-file=\"https:\/\/i0.wp.com\/experimentoscomcacau.com.br\/wp-content\/uploads\/2025\/05\/image-3.png?fit=490%2C569&amp;ssl=1\" src=\"https:\/\/i0.wp.com\/experimentoscomcacau.com.br\/wp-content\/uploads\/2025\/05\/image-3.png?resize=490%2C569&#038;ssl=1\" alt=\"\" class=\"wp-image-258\" srcset=\"https:\/\/i0.wp.com\/experimentoscomcacau.com.br\/wp-content\/uploads\/2025\/05\/image-3.png?w=490&amp;ssl=1 490w, https:\/\/i0.wp.com\/experimentoscomcacau.com.br\/wp-content\/uploads\/2025\/05\/image-3.png?resize=258%2C300&amp;ssl=1 258w, https:\/\/i0.wp.com\/experimentoscomcacau.com.br\/wp-content\/uploads\/2025\/05\/image-3.png?resize=52%2C60&amp;ssl=1 52w, https:\/\/i0.wp.com\/experimentoscomcacau.com.br\/wp-content\/uploads\/2025\/05\/image-3.png?resize=78%2C90&amp;ssl=1 78w\" sizes=\"auto, (max-width: 490px) 100vw, 490px\" \/><figcaption>Informa\u00e7\u00e3o nutricional &#8220;Puro 80%&#8221;<\/figcaption><\/figure>\n<\/div>\n\n\n<p><strong>Chocolate 70%<\/strong><\/p>\n\n\n<div class=\"wp-block-image\">\n<figure class=\"aligncenter size-full is-resized\"><img data-recalc-dims=\"1\" loading=\"lazy\" decoding=\"async\" data-attachment-id=\"257\" data-permalink=\"https:\/\/experimentoscomcacau.com.br\/?attachment_id=257\" data-orig-file=\"https:\/\/i0.wp.com\/experimentoscomcacau.com.br\/wp-content\/uploads\/2025\/05\/image-2.png?fit=312%2C364&amp;ssl=1\" data-orig-size=\"312,364\" data-comments-opened=\"1\" data-image-meta=\"{&quot;aperture&quot;:&quot;0&quot;,&quot;credit&quot;:&quot;&quot;,&quot;camera&quot;:&quot;&quot;,&quot;caption&quot;:&quot;&quot;,&quot;created_timestamp&quot;:&quot;0&quot;,&quot;copyright&quot;:&quot;&quot;,&quot;focal_length&quot;:&quot;0&quot;,&quot;iso&quot;:&quot;0&quot;,&quot;shutter_speed&quot;:&quot;0&quot;,&quot;title&quot;:&quot;&quot;,&quot;orientation&quot;:&quot;0&quot;}\" data-image-title=\"image-2\" data-image-description=\"\" data-image-caption=\"\" data-large-file=\"https:\/\/i0.wp.com\/experimentoscomcacau.com.br\/wp-content\/uploads\/2025\/05\/image-2.png?fit=312%2C364&amp;ssl=1\" src=\"https:\/\/i0.wp.com\/experimentoscomcacau.com.br\/wp-content\/uploads\/2025\/05\/image-2.png?resize=490%2C570&#038;ssl=1\" alt=\"\" class=\"wp-image-257\" width=\"490\" height=\"570\" srcset=\"https:\/\/i0.wp.com\/experimentoscomcacau.com.br\/wp-content\/uploads\/2025\/05\/image-2.png?w=312&amp;ssl=1 312w, https:\/\/i0.wp.com\/experimentoscomcacau.com.br\/wp-content\/uploads\/2025\/05\/image-2.png?resize=257%2C300&amp;ssl=1 257w, https:\/\/i0.wp.com\/experimentoscomcacau.com.br\/wp-content\/uploads\/2025\/05\/image-2.png?resize=51%2C60&amp;ssl=1 51w, https:\/\/i0.wp.com\/experimentoscomcacau.com.br\/wp-content\/uploads\/2025\/05\/image-2.png?resize=77%2C90&amp;ssl=1 77w\" sizes=\"auto, (max-width: 490px) 100vw, 490px\" \/><figcaption>Informa\u00e7\u00e3o nutricional &#8220;Puro 70%&#8221;<\/figcaption><\/figure>\n<\/div>\n\n\n<p><strong>Chocolate 60%<\/strong><\/p>\n\n\n<div class=\"wp-block-image\">\n<figure class=\"aligncenter size-full\"><img data-recalc-dims=\"1\" loading=\"lazy\" decoding=\"async\" width=\"490\" height=\"570\" data-attachment-id=\"256\" data-permalink=\"https:\/\/experimentoscomcacau.com.br\/?attachment_id=256\" data-orig-file=\"https:\/\/i0.wp.com\/experimentoscomcacau.com.br\/wp-content\/uploads\/2025\/05\/image-1.png?fit=490%2C570&amp;ssl=1\" data-orig-size=\"490,570\" data-comments-opened=\"1\" data-image-meta=\"{&quot;aperture&quot;:&quot;0&quot;,&quot;credit&quot;:&quot;&quot;,&quot;camera&quot;:&quot;&quot;,&quot;caption&quot;:&quot;&quot;,&quot;created_timestamp&quot;:&quot;0&quot;,&quot;copyright&quot;:&quot;&quot;,&quot;focal_length&quot;:&quot;0&quot;,&quot;iso&quot;:&quot;0&quot;,&quot;shutter_speed&quot;:&quot;0&quot;,&quot;title&quot;:&quot;&quot;,&quot;orientation&quot;:&quot;0&quot;}\" data-image-title=\"image-1\" data-image-description=\"\" data-image-caption=\"\" data-large-file=\"https:\/\/i0.wp.com\/experimentoscomcacau.com.br\/wp-content\/uploads\/2025\/05\/image-1.png?fit=490%2C570&amp;ssl=1\" src=\"https:\/\/i0.wp.com\/experimentoscomcacau.com.br\/wp-content\/uploads\/2025\/05\/image-1.png?resize=490%2C570&#038;ssl=1\" alt=\"\" class=\"wp-image-256\" srcset=\"https:\/\/i0.wp.com\/experimentoscomcacau.com.br\/wp-content\/uploads\/2025\/05\/image-1.png?w=490&amp;ssl=1 490w, https:\/\/i0.wp.com\/experimentoscomcacau.com.br\/wp-content\/uploads\/2025\/05\/image-1.png?resize=258%2C300&amp;ssl=1 258w, https:\/\/i0.wp.com\/experimentoscomcacau.com.br\/wp-content\/uploads\/2025\/05\/image-1.png?resize=52%2C60&amp;ssl=1 52w, https:\/\/i0.wp.com\/experimentoscomcacau.com.br\/wp-content\/uploads\/2025\/05\/image-1.png?resize=77%2C90&amp;ssl=1 77w\" sizes=\"auto, (max-width: 490px) 100vw, 490px\" \/><figcaption>Informa\u00e7\u00e3o nutricional &#8220;Puro 60%&#8221;<\/figcaption><\/figure>\n<\/div>","protected":false},"excerpt":{"rendered":"<p>Como parte do nosso esfor\u00e7o de fornecer informa\u00e7\u00f5es para uma alimenta\u00e7\u00e3o saud\u00e1vel, informamos aqui as tabelas de informa\u00e7\u00f5es nutricionais para os tipos de chocolates que produzimos. Cada tabela se aplica para a embalagem de 50g e se baseiam em valores di\u00e1rios com base em uma dieta de 2000kcal ou 8373,6kJ. Seus valores podem ser maiores ou menores dependendo de suas necessidades energ\u00e9ticas. Os &#8220;valores de refer\u00eancia&#8221; s\u00e3o: Os tipos de chocolates s\u00e3o definidos em fun\u00e7\u00e3o do teor de cacau. Assim, temos: Chocolate 80% Chocolate 70% Chocolate 60%<\/p>\n","protected":false},"author":1,"featured_media":194,"parent":0,"menu_order":0,"comment_status":"closed","ping_status":"closed","template":"","meta":{"footnotes":""},"class_list":["post-193","page","type-page","status-publish","has-post-thumbnail","hentry"],"jetpack_sharing_enabled":true,"_links":{"self":[{"href":"https:\/\/experimentoscomcacau.com.br\/index.php?rest_route=\/wp\/v2\/pages\/193","targetHints":{"allow":["GET"]}}],"collection":[{"href":"https:\/\/experimentoscomcacau.com.br\/index.php?rest_route=\/wp\/v2\/pages"}],"about":[{"href":"https:\/\/experimentoscomcacau.com.br\/index.php?rest_route=\/wp\/v2\/types\/page"}],"author":[{"embeddable":true,"href":"https:\/\/experimentoscomcacau.com.br\/index.php?rest_route=\/wp\/v2\/users\/1"}],"replies":[{"embeddable":true,"href":"https:\/\/experimentoscomcacau.com.br\/index.php?rest_route=%2Fwp%2Fv2%2Fcomments&post=193"}],"version-history":[{"count":4,"href":"https:\/\/experimentoscomcacau.com.br\/index.php?rest_route=\/wp\/v2\/pages\/193\/revisions"}],"predecessor-version":[{"id":259,"href":"https:\/\/experimentoscomcacau.com.br\/index.php?rest_route=\/wp\/v2\/pages\/193\/revisions\/259"}],"wp:featuredmedia":[{"embeddable":true,"href":"https:\/\/experimentoscomcacau.com.br\/index.php?rest_route=\/wp\/v2\/media\/194"}],"wp:attachment":[{"href":"https:\/\/experimentoscomcacau.com.br\/index.php?rest_route=%2Fwp%2Fv2%2Fmedia&parent=193"}],"curies":[{"name":"wp","href":"https:\/\/api.w.org\/{rel}","templated":true}]}}